{"id":99,"date":"2023-08-02T10:42:29","date_gmt":"2023-08-02T13:42:29","guid":{"rendered":"https:\/\/liffe.com.br\/?page_id=99"},"modified":"2023-09-04T11:45:34","modified_gmt":"2023-09-04T14:45:34","slug":"integracao-de-sistemas","status":"publish","type":"page","link":"https:\/\/liffe.com.br\/?page_id=99","title":{"rendered":"Integra\u00e7\u00e3o de Sistemas"},"content":{"rendered":"\t\t<div data-elementor-type=\"wp-page\" data-elementor-id=\"99\" class=\"elementor elementor-99\">\n\t\t\t\t\t\t\t\t\t<section class=\"elementor-section elementor-top-section elementor-element elementor-element-ed2f5a5 elementor-section-boxed elementor-section-height-default elementor-section-height-default\" data-id=\"ed2f5a5\" data-element_type=\"section\">\n\t\t\t\t\t\t<div class=\"elementor-container elementor-column-gap-default\">\n\t\t\t\t\t<div class=\"elementor-column elementor-col-50 elementor-top-column elementor-element elementor-element-354f1e5\" data-id=\"354f1e5\" data-element_type=\"column\">\n\t\t\t<div class=\"elementor-widget-wrap elementor-element-populated\">\n\t\t\t\t\t\t\t\t<div class=\"elementor-element elementor-element-db494e6 elementor-widget elementor-widget-heading\" data-id=\"db494e6\" data-element_type=\"widget\" data-widget_type=\"heading.default\">\n\t\t\t\t<div class=\"elementor-widget-container\">\n\t\t\t<style>\/*! elementor - v3.15.0 - 20-08-2023 *\/\n.elementor-heading-title{padding:0;margin:0;line-height:1}.elementor-widget-heading .elementor-heading-title[class*=elementor-size-]>a{color:inherit;font-size:inherit;line-height:inherit}.elementor-widget-heading .elementor-heading-title.elementor-size-small{font-size:15px}.elementor-widget-heading .elementor-heading-title.elementor-size-medium{font-size:19px}.elementor-widget-heading .elementor-heading-title.elementor-size-large{font-size:29px}.elementor-widget-heading .elementor-heading-title.elementor-size-xl{font-size:39px}.elementor-widget-heading .elementor-heading-title.elementor-size-xxl{font-size:59px}<\/style><h2 class=\"elementor-heading-title elementor-size-default\">Desenvolvemos ferramentas customizadas dentro das necessidades das empresas, atrav\u00e9s das mais modernas ferramentas dispon\u00edveis e uma equipe de desenvolvimento com vasta experi\u00eancia no mercado.<\/h2>\t\t<\/div>\n\t\t\t\t<\/div>\n\t\t\t\t\t<\/div>\n\t\t<\/div>\n\t\t\t\t<div class=\"elementor-column elementor-col-50 elementor-top-column elementor-element elementor-element-396a289\" data-id=\"396a289\" data-element_type=\"column\">\n\t\t\t<div class=\"elementor-widget-wrap elementor-element-populated\">\n\t\t\t\t\t\t\t\t<div class=\"elementor-element elementor-element-ebce7ce elementor-widget elementor-widget-image\" data-id=\"ebce7ce\" data-element_type=\"widget\" data-widget_type=\"image.default\">\n\t\t\t\t<div class=\"elementor-widget-container\">\n\t\t\t<style>\/*! elementor - v3.15.0 - 20-08-2023 *\/\n.elementor-widget-image{text-align:center}.elementor-widget-image a{display:inline-block}.elementor-widget-image a img[src$=\".svg\"]{width:48px}.elementor-widget-image img{vertical-align:middle;display:inline-block}<\/style>\t\t\t\t\t\t\t\t\t\t\t\t<img loading=\"lazy\" decoding=\"async\" width=\"1024\" height=\"607\" src=\"https:\/\/liffe.com.br\/wp-content\/uploads\/2023\/09\/Imagem3-e1693590823986-1024x607.png\" class=\"attachment-large size-large wp-image-655\" alt=\"integra\u00e7\u00e3o de sistemas\" srcset=\"https:\/\/liffe.com.br\/wp-content\/uploads\/2023\/09\/Imagem3-e1693590823986-1024x607.png 1024w, https:\/\/liffe.com.br\/wp-content\/uploads\/2023\/09\/Imagem3-e1693590823986-300x178.png 300w, https:\/\/liffe.com.br\/wp-content\/uploads\/2023\/09\/Imagem3-e1693590823986-768x455.png 768w, https:\/\/liffe.com.br\/wp-content\/uploads\/2023\/09\/Imagem3-e1693590823986-1536x910.png 1536w, https:\/\/liffe.com.br\/wp-content\/uploads\/2023\/09\/Imagem3-e1693590823986-1823x1080.png 1823w, https:\/\/liffe.com.br\/wp-content\/uploads\/2023\/09\/Imagem3-e1693590823986.png 1985w\" sizes=\"auto, (max-width: 1024px) 100vw, 1024px\" \/>\t\t\t\t\t\t\t\t\t\t\t\t\t\t\t<\/div>\n\t\t\t\t<\/div>\n\t\t\t\t<div class=\"elementor-element elementor-element-d44b96a elementor-align-justify elementor-widget elementor-widget-button\" data-id=\"d44b96a\" data-element_type=\"widget\" data-widget_type=\"button.default\">\n\t\t\t\t<div class=\"elementor-widget-container\">\n\t\t\t\t\t<div class=\"elementor-button-wrapper\">\n\t\t\t<a class=\"elementor-button elementor-button-link elementor-size-sm elementor-animation-grow\" href=\"https:\/\/api.whatsapp.com\/send\/?phone=5531996182001&#038;text&#038;type=phone_number&#038;app_absent=0\" target=\"_blank\">\n\t\t\t\t\t\t<span class=\"elementor-button-content-wrapper\">\n\t\t\t\t\t\t<span class=\"elementor-button-text\">Fale com um consultor <\/span>\n\t\t<\/span>\n\t\t\t\t\t<\/a>\n\t\t<\/div>\n\t\t\t\t<\/div>\n\t\t\t\t<\/div>\n\t\t\t\t\t<\/div>\n\t\t<\/div>\n\t\t\t\t\t\t\t<\/div>\n\t\t<\/section>\n\t\t\t\t<section class=\"elementor-section elementor-top-section elementor-element elementor-element-62d7f13 elementor-section-boxed elementor-section-height-default elementor-section-height-default\" data-id=\"62d7f13\" data-element_type=\"section\">\n\t\t\t\t\t\t<div class=\"elementor-container elementor-column-gap-default\">\n\t\t\t\t\t<div class=\"elementor-column elementor-col-100 elementor-top-column elementor-element elementor-element-375e21f\" data-id=\"375e21f\" data-element_type=\"column\">\n\t\t\t<div class=\"elementor-widget-wrap\">\n\t\t\t\t\t\t\t\t\t<\/div>\n\t\t<\/div>\n\t\t\t\t\t\t\t<\/div>\n\t\t<\/section>\n\t\t\t\t\t\t\t<\/div>\n\t\t","protected":false},"excerpt":{"rendered":"<p>Desenvolvemos ferramentas customizadas dentro das necessidades das empresas, atrav\u00e9s das mais modernas ferramentas dispon\u00edveis e uma equipe de desenvolvimento com vasta experi\u00eancia no mercado. Fale com um consultor<\/p>\n","protected":false},"author":1,"featured_media":0,"parent":0,"menu_order":0,"comment_status":"closed","ping_status":"closed","template":"","meta":{"footnotes":""},"class_list":["post-99","page","type-page","status-publish","hentry"],"_links":{"self":[{"href":"https:\/\/liffe.com.br\/index.php?rest_route=\/wp\/v2\/pages\/99","targetHints":{"allow":["GET"]}}],"collection":[{"href":"https:\/\/liffe.com.br\/index.php?rest_route=\/wp\/v2\/pages"}],"about":[{"href":"https:\/\/liffe.com.br\/index.php?rest_route=\/wp\/v2\/types\/page"}],"author":[{"embeddable":true,"href":"https:\/\/liffe.com.br\/index.php?rest_route=\/wp\/v2\/users\/1"}],"replies":[{"embeddable":true,"href":"https:\/\/liffe.com.br\/index.php?rest_route=%2Fwp%2Fv2%2Fcomments&post=99"}],"version-history":[{"count":13,"href":"https:\/\/liffe.com.br\/index.php?rest_route=\/wp\/v2\/pages\/99\/revisions"}],"predecessor-version":[{"id":769,"href":"https:\/\/liffe.com.br\/index.php?rest_route=\/wp\/v2\/pages\/99\/revisions\/769"}],"wp:attachment":[{"href":"https:\/\/liffe.com.br\/index.php?rest_route=%2Fwp%2Fv2%2Fmedia&parent=99"}],"curies":[{"name":"wp","href":"https:\/\/api.w.org\/{rel}","templated":true}]}}