{"id":97,"date":"2023-08-02T10:42:07","date_gmt":"2023-08-02T13:42:07","guid":{"rendered":"https:\/\/liffe.com.br\/?page_id=97"},"modified":"2023-09-04T11:44:37","modified_gmt":"2023-09-04T14:44:37","slug":"seguranca-de-dados","status":"publish","type":"page","link":"https:\/\/liffe.com.br\/?page_id=97","title":{"rendered":"Seguran\u00e7a de Dados"},"content":{"rendered":"\t\t<div data-elementor-type=\"wp-page\" data-elementor-id=\"97\" class=\"elementor elementor-97\">\n\t\t\t\t\t\t\t\t\t<section class=\"elementor-section elementor-top-section elementor-element elementor-element-958e595 elementor-section-boxed elementor-section-height-default elementor-section-height-default\" data-id=\"958e595\" data-element_type=\"section\">\n\t\t\t\t\t\t<div class=\"elementor-container elementor-column-gap-default\">\n\t\t\t\t\t<div class=\"elementor-column elementor-col-50 elementor-top-column elementor-element elementor-element-1359103\" data-id=\"1359103\" data-element_type=\"column\">\n\t\t\t<div class=\"elementor-widget-wrap elementor-element-populated\">\n\t\t\t\t\t\t\t\t<div class=\"elementor-element elementor-element-fd1dfbf elementor-widget elementor-widget-heading\" data-id=\"fd1dfbf\" data-element_type=\"widget\" data-widget_type=\"heading.default\">\n\t\t\t\t<div class=\"elementor-widget-container\">\n\t\t\t<style>\/*! elementor - v3.15.0 - 20-08-2023 *\/\n.elementor-heading-title{padding:0;margin:0;line-height:1}.elementor-widget-heading .elementor-heading-title[class*=elementor-size-]>a{color:inherit;font-size:inherit;line-height:inherit}.elementor-widget-heading .elementor-heading-title.elementor-size-small{font-size:15px}.elementor-widget-heading .elementor-heading-title.elementor-size-medium{font-size:19px}.elementor-widget-heading .elementor-heading-title.elementor-size-large{font-size:29px}.elementor-widget-heading .elementor-heading-title.elementor-size-xl{font-size:39px}.elementor-widget-heading .elementor-heading-title.elementor-size-xxl{font-size:59px}<\/style><h2 class=\"elementor-heading-title elementor-size-default\">A seguran\u00e7a de dados \u00e9 um tema de extrema import\u00e2ncia no mundo atual, onde a tecnologia desempenha um papel fundamental em nossas vidas. Com o crescente volume de informa\u00e7\u00f5es digitais que s\u00e3o geradas, armazenadas e compartilhadas diariamente, a prote\u00e7\u00e3o desses dados tornou-se uma preocupa\u00e7\u00e3o crucial.<br><br>Dessa forma temos solu\u00e7\u00f5es  personalizadas para garantir a sefura\u00e7\u00e3os de suas informa\u00e7\u00f5es evitando assim um grande prejuizo em sua organiza\u00e7\u00e3o <br><br>\n\nEntre em contato e converse com um consultor especializado para maiores informa\u00e7\u00f5es&gt; \n\n <\/h2>\t\t<\/div>\n\t\t\t\t<\/div>\n\t\t\t\t\t<\/div>\n\t\t<\/div>\n\t\t\t\t<div class=\"elementor-column elementor-col-50 elementor-top-column elementor-element elementor-element-3d33cca\" data-id=\"3d33cca\" data-element_type=\"column\">\n\t\t\t<div class=\"elementor-widget-wrap elementor-element-populated\">\n\t\t\t\t\t\t\t\t<div class=\"elementor-element elementor-element-6bd1480 elementor-widget elementor-widget-image\" data-id=\"6bd1480\" data-element_type=\"widget\" data-widget_type=\"image.default\">\n\t\t\t\t<div class=\"elementor-widget-container\">\n\t\t\t<style>\/*! elementor - v3.15.0 - 20-08-2023 *\/\n.elementor-widget-image{text-align:center}.elementor-widget-image a{display:inline-block}.elementor-widget-image a img[src$=\".svg\"]{width:48px}.elementor-widget-image img{vertical-align:middle;display:inline-block}<\/style>\t\t\t\t\t\t\t\t\t\t\t\t<img loading=\"lazy\" decoding=\"async\" width=\"837\" height=\"516\" src=\"https:\/\/liffe.com.br\/wp-content\/uploads\/2023\/08\/pngwing.com-5.png\" class=\"attachment-large size-large wp-image-471\" alt=\"Seguran\u00e7a de dados\" srcset=\"https:\/\/liffe.com.br\/wp-content\/uploads\/2023\/08\/pngwing.com-5.png 837w, https:\/\/liffe.com.br\/wp-content\/uploads\/2023\/08\/pngwing.com-5-300x185.png 300w, https:\/\/liffe.com.br\/wp-content\/uploads\/2023\/08\/pngwing.com-5-768x473.png 768w\" sizes=\"auto, (max-width: 837px) 100vw, 837px\" \/>\t\t\t\t\t\t\t\t\t\t\t\t\t\t\t<\/div>\n\t\t\t\t<\/div>\n\t\t\t\t<div class=\"elementor-element elementor-element-21c5fd3 elementor-align-justify elementor-widget elementor-widget-button\" data-id=\"21c5fd3\" data-element_type=\"widget\" data-widget_type=\"button.default\">\n\t\t\t\t<div class=\"elementor-widget-container\">\n\t\t\t\t\t<div class=\"elementor-button-wrapper\">\n\t\t\t<a class=\"elementor-button elementor-button-link elementor-size-sm elementor-animation-grow\" href=\"https:\/\/api.whatsapp.com\/send\/?phone=5531983439339&#038;text&#038;type=phone_number&#038;app_absent=0\" target=\"_blank\">\n\t\t\t\t\t\t<span class=\"elementor-button-content-wrapper\">\n\t\t\t\t\t\t<span class=\"elementor-button-text\">Fale com um consultor <\/span>\n\t\t<\/span>\n\t\t\t\t\t<\/a>\n\t\t<\/div>\n\t\t\t\t<\/div>\n\t\t\t\t<\/div>\n\t\t\t\t\t<\/div>\n\t\t<\/div>\n\t\t\t\t\t\t\t<\/div>\n\t\t<\/section>\n\t\t\t\t<section class=\"elementor-section elementor-top-section elementor-element elementor-element-589f5d5 elementor-section-boxed elementor-section-height-default elementor-section-height-default\" data-id=\"589f5d5\" data-element_type=\"section\">\n\t\t\t\t\t\t<div class=\"elementor-container elementor-column-gap-default\">\n\t\t\t\t\t<div class=\"elementor-column elementor-col-100 elementor-top-column elementor-element elementor-element-d788fe8\" data-id=\"d788fe8\" data-element_type=\"column\">\n\t\t\t<div class=\"elementor-widget-wrap\">\n\t\t\t\t\t\t\t\t\t<\/div>\n\t\t<\/div>\n\t\t\t\t\t\t\t<\/div>\n\t\t<\/section>\n\t\t\t\t\t\t\t<\/div>\n\t\t","protected":false},"excerpt":{"rendered":"<p>A seguran\u00e7a de dados \u00e9 um tema de extrema import\u00e2ncia no mundo atual, onde a tecnologia desempenha um papel fundamental em nossas vidas. Com o crescente volume de informa\u00e7\u00f5es digitais que s\u00e3o geradas, armazenadas e compartilhadas diariamente, a prote\u00e7\u00e3o desses dados tornou-se uma preocupa\u00e7\u00e3o crucial. Dessa forma temos solu\u00e7\u00f5es personalizadas para garantir a sefura\u00e7\u00e3os de&hellip; <br \/> <a class=\"read-more\" href=\"https:\/\/liffe.com.br\/?page_id=97\">Leia mais<\/a><\/p>\n","protected":false},"author":1,"featured_media":0,"parent":0,"menu_order":0,"comment_status":"closed","ping_status":"closed","template":"","meta":{"footnotes":""},"class_list":["post-97","page","type-page","status-publish","hentry"],"_links":{"self":[{"href":"https:\/\/liffe.com.br\/index.php?rest_route=\/wp\/v2\/pages\/97","targetHints":{"allow":["GET"]}}],"collection":[{"href":"https:\/\/liffe.com.br\/index.php?rest_route=\/wp\/v2\/pages"}],"about":[{"href":"https:\/\/liffe.com.br\/index.php?rest_route=\/wp\/v2\/types\/page"}],"author":[{"embeddable":true,"href":"https:\/\/liffe.com.br\/index.php?rest_route=\/wp\/v2\/users\/1"}],"replies":[{"embeddable":true,"href":"https:\/\/liffe.com.br\/index.php?rest_route=%2Fwp%2Fv2%2Fcomments&post=97"}],"version-history":[{"count":10,"href":"https:\/\/liffe.com.br\/index.php?rest_route=\/wp\/v2\/pages\/97\/revisions"}],"predecessor-version":[{"id":763,"href":"https:\/\/liffe.com.br\/index.php?rest_route=\/wp\/v2\/pages\/97\/revisions\/763"}],"wp:attachment":[{"href":"https:\/\/liffe.com.br\/index.php?rest_route=%2Fwp%2Fv2%2Fmedia&parent=97"}],"curies":[{"name":"wp","href":"https:\/\/api.w.org\/{rel}","templated":true}]}}