{"id":89,"date":"2023-08-02T10:41:01","date_gmt":"2023-08-02T13:41:01","guid":{"rendered":"https:\/\/liffe.com.br\/?page_id=89"},"modified":"2023-09-04T11:43:40","modified_gmt":"2023-09-04T14:43:40","slug":"total-bank","status":"publish","type":"page","link":"https:\/\/liffe.com.br\/?page_id=89","title":{"rendered":"Total Bank &#8211; Facilitando a gest\u00e3o banc\u00e1ria de sua empresa!"},"content":{"rendered":"\t\t<div data-elementor-type=\"wp-page\" data-elementor-id=\"89\" class=\"elementor elementor-89\">\n\t\t\t\t\t\t\t\t\t<section class=\"elementor-section elementor-top-section elementor-element elementor-element-7f87a50 elementor-section-boxed elementor-section-height-default elementor-section-height-default\" data-id=\"7f87a50\" data-element_type=\"section\">\n\t\t\t\t\t\t<div class=\"elementor-container elementor-column-gap-default\">\n\t\t\t\t\t<div class=\"elementor-column elementor-col-50 elementor-top-column elementor-element elementor-element-457e0c0\" data-id=\"457e0c0\" data-element_type=\"column\">\n\t\t\t<div class=\"elementor-widget-wrap elementor-element-populated\">\n\t\t\t\t\t\t\t\t<div class=\"elementor-element elementor-element-a702652 elementor-widget__width-initial elementor-invisible elementor-widget elementor-widget-heading\" data-id=\"a702652\" data-element_type=\"widget\" data-settings=\"{&quot;_animation&quot;:&quot;fadeIn&quot;}\" data-widget_type=\"heading.default\">\n\t\t\t\t<div class=\"elementor-widget-container\">\n\t\t\t<style>\/*! elementor - v3.15.0 - 20-08-2023 *\/\n.elementor-heading-title{padding:0;margin:0;line-height:1}.elementor-widget-heading .elementor-heading-title[class*=elementor-size-]>a{color:inherit;font-size:inherit;line-height:inherit}.elementor-widget-heading .elementor-heading-title.elementor-size-small{font-size:15px}.elementor-widget-heading .elementor-heading-title.elementor-size-medium{font-size:19px}.elementor-widget-heading .elementor-heading-title.elementor-size-large{font-size:29px}.elementor-widget-heading .elementor-heading-title.elementor-size-xl{font-size:39px}.elementor-widget-heading .elementor-heading-title.elementor-size-xxl{font-size:59px}<\/style><h2 class=\"elementor-heading-title elementor-size-default\"><br><br>\u2022\tSolu\u00e7\u00e3o para conex\u00e3o do ERP aos bancos, de forma a automatizar a troca de informa\u00e7\u00f5es com seguran\u00e7a.<br><br>\n\u2022\tPlataforma multi-conv\u00eanios, unificando o acesso \u00e0 todas as contas da empresa em um s\u00f3 lugar;<br><br>\n\u2022\tVis\u00e3o consolidada do saldo da empresa;<br><br>\n\u2022\tExtrato de todas as contas de forma conciliada com as movimenta\u00e7\u00f5es de pagamento e folha;<br><br>\n\u2022\tFiltre por empresa ou conta, organizando a informa\u00e7\u00e3o da melhor forma para o usu\u00e1rio;<br><br>\n\u2022\tAcesso a funcionalidades restrito por usu\u00e1rio, permitindo a visualiza\u00e7\u00e3o das informa\u00e7\u00f5es apenas por funcion\u00e1rios autorizados.<br><br>\n\u2022\tGest\u00e3o completa da arrecada\u00e7\u00e3o da empresa, visualizando o total l\u00edquido e bruto a receber;<br><br>\n\u2022\tRelat\u00f3rio e gr\u00e1fico de Ranking;<br>\n\u2022\tConsulta por c\u00f3digo de barras;<br>\n\u2022\tVisualiza\u00e7\u00e3o detalhada da forma de arrecada\u00e7\u00e3o;<br>\n\u2022\tIdentifica\u00e7\u00e3o de boletos duplicados e\/ou estornados;<br>\n\u2022\tDiversos relat\u00f3rios parametrizados;<br>\n\u2022\tAuditoria das tarifas cobradas pelo banco.<br><br>\n\u2022\tGera\u00e7\u00e3o de QR Code Din\u00e2mico para recebimento de forma r\u00e1pida e \u00e1gil, podendo acompanhar toda movimenta\u00e7\u00e3o atrav\u00e9s da plataforma de forma on-line.<br><br>\n\u2022\tGest\u00e3o online da carteira de cobran\u00e7a registrada com inclus\u00e3o ilimitada de conv\u00eanios;<br><br>\n\u2022\tInclus\u00e3o de t\u00edtulos de cobran\u00e7a individuais, em grupos, via NFE ou cria\u00e7\u00e3o de carn\u00ea;<br><br>\n\u2022\tConfec\u00e7\u00e3o de diversos relat\u00f3rios, inclusive de espelho de Remessa e Retorno;<br><br>\n\u2022\tCadastro de pagadores por grupos, cria\u00e7\u00e3o de perfis de benefici\u00e1rios e mensagens padr\u00e3o para o boleto;\n\u2022\tEmiss\u00e3o de boleto para impress\u00e3o e\/ou envio autom\u00e1tico por e-mail;<br><br>\n\u2022\tAviso por sms e\/ou e-mail sobre a data de vencimento dos boletos;<br><br>\n\u2022\tCobran\u00e7a recorrente para um pagador individual ou grupos;<br><br>\n\u2022\tCobran\u00e7a via qrcode pix;\n<\/h2>\t\t<\/div>\n\t\t\t\t<\/div>\n\t\t\t\t\t<\/div>\n\t\t<\/div>\n\t\t\t\t<div class=\"elementor-column elementor-col-50 elementor-top-column elementor-element elementor-element-b555915\" data-id=\"b555915\" data-element_type=\"column\">\n\t\t\t<div class=\"elementor-widget-wrap elementor-element-populated\">\n\t\t\t\t\t\t\t\t<div class=\"elementor-element elementor-element-b440b87 elementor-invisible elementor-widget elementor-widget-image\" data-id=\"b440b87\" data-element_type=\"widget\" data-settings=\"{&quot;_animation&quot;:&quot;fadeIn&quot;}\" data-widget_type=\"image.default\">\n\t\t\t\t<div class=\"elementor-widget-container\">\n\t\t\t<style>\/*! elementor - v3.15.0 - 20-08-2023 *\/\n.elementor-widget-image{text-align:center}.elementor-widget-image a{display:inline-block}.elementor-widget-image a img[src$=\".svg\"]{width:48px}.elementor-widget-image img{vertical-align:middle;display:inline-block}<\/style>\t\t\t\t\t\t\t\t\t\t\t\t<img loading=\"lazy\" decoding=\"async\" width=\"555\" height=\"94\" src=\"https:\/\/liffe.com.br\/wp-content\/uploads\/2023\/08\/LOGO-TOTAL-BANK.1png.png\" class=\"attachment-large size-large wp-image-351\" alt=\"integradora de contas bancarias\" srcset=\"https:\/\/liffe.com.br\/wp-content\/uploads\/2023\/08\/LOGO-TOTAL-BANK.1png.png 555w, https:\/\/liffe.com.br\/wp-content\/uploads\/2023\/08\/LOGO-TOTAL-BANK.1png-300x51.png 300w\" sizes=\"auto, (max-width: 555px) 100vw, 555px\" \/>\t\t\t\t\t\t\t\t\t\t\t\t\t\t\t<\/div>\n\t\t\t\t<\/div>\n\t\t\t\t<div class=\"elementor-element elementor-element-60dafdd elementor-widget elementor-widget-spacer\" data-id=\"60dafdd\" data-element_type=\"widget\" data-widget_type=\"spacer.default\">\n\t\t\t\t<div class=\"elementor-widget-container\">\n\t\t\t<style>\/*! elementor - v3.15.0 - 20-08-2023 *\/\n.elementor-column .elementor-spacer-inner{height:var(--spacer-size)}.e-con{--container-widget-width:100%}.e-con-inner>.elementor-widget-spacer,.e-con>.elementor-widget-spacer{width:var(--container-widget-width,var(--spacer-size));--align-self:var(--container-widget-align-self,initial);--flex-shrink:0}.e-con-inner>.elementor-widget-spacer>.elementor-widget-container,.e-con-inner>.elementor-widget-spacer>.elementor-widget-container>.elementor-spacer,.e-con>.elementor-widget-spacer>.elementor-widget-container,.e-con>.elementor-widget-spacer>.elementor-widget-container>.elementor-spacer{height:100%}.e-con-inner>.elementor-widget-spacer>.elementor-widget-container>.elementor-spacer>.elementor-spacer-inner,.e-con>.elementor-widget-spacer>.elementor-widget-container>.elementor-spacer>.elementor-spacer-inner{height:var(--container-widget-height,var(--spacer-size))}<\/style>\t\t<div class=\"elementor-spacer\">\n\t\t\t<div class=\"elementor-spacer-inner\"><\/div>\n\t\t<\/div>\n\t\t\t\t<\/div>\n\t\t\t\t<\/div>\n\t\t\t\t<div class=\"elementor-element elementor-element-020669c elementor-align-justify elementor-widget elementor-widget-button\" data-id=\"020669c\" data-element_type=\"widget\" data-widget_type=\"button.default\">\n\t\t\t\t<div class=\"elementor-widget-container\">\n\t\t\t\t\t<div class=\"elementor-button-wrapper\">\n\t\t\t<a class=\"elementor-button elementor-button-link elementor-size-sm elementor-animation-grow\" href=\"https:\/\/api.whatsapp.com\/send\/?phone=553199215093&#038;text&#038;type=phone_number&#038;app_absent=0\" target=\"_blank\">\n\t\t\t\t\t\t<span class=\"elementor-button-content-wrapper\">\n\t\t\t\t\t\t<span class=\"elementor-button-text\">Fale com um consultor <\/span>\n\t\t<\/span>\n\t\t\t\t\t<\/a>\n\t\t<\/div>\n\t\t\t\t<\/div>\n\t\t\t\t<\/div>\n\t\t\t\t<div class=\"elementor-element elementor-element-e3da6f8 elementor-widget elementor-widget-spacer\" data-id=\"e3da6f8\" data-element_type=\"widget\" data-widget_type=\"spacer.default\">\n\t\t\t\t<div class=\"elementor-widget-container\">\n\t\t\t\t\t<div class=\"elementor-spacer\">\n\t\t\t<div class=\"elementor-spacer-inner\"><\/div>\n\t\t<\/div>\n\t\t\t\t<\/div>\n\t\t\t\t<\/div>\n\t\t\t\t<div class=\"elementor-element elementor-element-e881fbf elementor-widget elementor-widget-spacer\" data-id=\"e881fbf\" data-element_type=\"widget\" data-widget_type=\"spacer.default\">\n\t\t\t\t<div class=\"elementor-widget-container\">\n\t\t\t\t\t<div class=\"elementor-spacer\">\n\t\t\t<div class=\"elementor-spacer-inner\"><\/div>\n\t\t<\/div>\n\t\t\t\t<\/div>\n\t\t\t\t<\/div>\n\t\t\t\t<div class=\"elementor-element elementor-element-f05d463 elementor-align-justify elementor-widget elementor-widget-button\" data-id=\"f05d463\" data-element_type=\"widget\" data-widget_type=\"button.default\">\n\t\t\t\t<div class=\"elementor-widget-container\">\n\t\t\t\t\t<div class=\"elementor-button-wrapper\">\n\t\t\t<a class=\"elementor-button elementor-button-link elementor-size-sm elementor-animation-grow\" href=\"https:\/\/web.whatsapp.com\/send?phone=5531992150093\" target=\"_blank\">\n\t\t\t\t\t\t<span class=\"elementor-button-content-wrapper\">\n\t\t\t\t\t\t<span class=\"elementor-button-text\">Fale com um consultor <\/span>\n\t\t<\/span>\n\t\t\t\t\t<\/a>\n\t\t<\/div>\n\t\t\t\t<\/div>\n\t\t\t\t<\/div>\n\t\t\t\t\t<\/div>\n\t\t<\/div>\n\t\t\t\t\t\t\t<\/div>\n\t\t<\/section>\n\t\t\t\t<section class=\"elementor-section elementor-top-section elementor-element elementor-element-cd2c3e1 elementor-section-boxed elementor-section-height-default elementor-section-height-default\" data-id=\"cd2c3e1\" data-element_type=\"section\">\n\t\t\t\t\t\t<div class=\"elementor-container elementor-column-gap-default\">\n\t\t\t\t\t<div class=\"elementor-column elementor-col-100 elementor-top-column elementor-element elementor-element-b8c8e83\" data-id=\"b8c8e83\" data-element_type=\"column\">\n\t\t\t<div class=\"elementor-widget-wrap\">\n\t\t\t\t\t\t\t\t\t<\/div>\n\t\t<\/div>\n\t\t\t\t\t\t\t<\/div>\n\t\t<\/section>\n\t\t\t\t\t\t\t<\/div>\n\t\t","protected":false},"excerpt":{"rendered":"<p>\u2022 Solu\u00e7\u00e3o para conex\u00e3o do ERP aos bancos, de forma a automatizar a troca de informa\u00e7\u00f5es com seguran\u00e7a. \u2022 Plataforma multi-conv\u00eanios, unificando o acesso \u00e0 todas as contas da empresa em um s\u00f3 lugar; \u2022 Vis\u00e3o consolidada do saldo da empresa; \u2022 Extrato de todas as contas de forma conciliada com as movimenta\u00e7\u00f5es de pagamento&hellip; <br \/> <a class=\"read-more\" href=\"https:\/\/liffe.com.br\/?page_id=89\">Leia mais<\/a><\/p>\n","protected":false},"author":1,"featured_media":0,"parent":0,"menu_order":0,"comment_status":"closed","ping_status":"closed","template":"","meta":{"footnotes":""},"class_list":["post-89","page","type-page","status-publish","hentry"],"_links":{"self":[{"href":"https:\/\/liffe.com.br\/index.php?rest_route=\/wp\/v2\/pages\/89","targetHints":{"allow":["GET"]}}],"collection":[{"href":"https:\/\/liffe.com.br\/index.php?rest_route=\/wp\/v2\/pages"}],"about":[{"href":"https:\/\/liffe.com.br\/index.php?rest_route=\/wp\/v2\/types\/page"}],"author":[{"embeddable":true,"href":"https:\/\/liffe.com.br\/index.php?rest_route=\/wp\/v2\/users\/1"}],"replies":[{"embeddable":true,"href":"https:\/\/liffe.com.br\/index.php?rest_route=%2Fwp%2Fv2%2Fcomments&post=89"}],"version-history":[{"count":32,"href":"https:\/\/liffe.com.br\/index.php?rest_route=\/wp\/v2\/pages\/89\/revisions"}],"predecessor-version":[{"id":748,"href":"https:\/\/liffe.com.br\/index.php?rest_route=\/wp\/v2\/pages\/89\/revisions\/748"}],"wp:attachment":[{"href":"https:\/\/liffe.com.br\/index.php?rest_route=%2Fwp%2Fv2%2Fmedia&parent=89"}],"curies":[{"name":"wp","href":"https:\/\/api.w.org\/{rel}","templated":true}]}}