{"id":18,"date":"2023-07-25T19:36:40","date_gmt":"2023-07-25T22:36:40","guid":{"rendered":"https:\/\/liffe.com.br\/?page_id=18"},"modified":"2023-09-20T09:12:16","modified_gmt":"2023-09-20T12:12:16","slug":"mesmerize","status":"publish","type":"page","link":"https:\/\/liffe.com.br\/","title":{"rendered":"Front Page"},"content":{"rendered":"<div  data-label=\"About\" data-id=\"about--1\" data-export-id=\"about-1\" data-category=\"about\" class=\"about-1 content-section\" id=\"about-1\" style=\"background-color: rgb(245, 250, 253);\"><div  class=\"gridContainer\"> <div  class=\"row text-center\"><div  class=\"section-title-col\" data-type=\"column\">  <h2  class=\"\">Concentre-se&nbsp;<span  href=\"#\" style=\"font-weight: 700; font-family: Playfair Display,sans-serif; font-style: italic;\">naquilo que voc\u00ea \u00e9 bom,<\/span>&nbsp;delegue todo o resto!\n<br >Steve Jobs<\/h2> <p  class=\"lead\">Conhe\u00e7a nossos produtos!<\/p><\/div> <\/div> <div  class=\"row\"> <div  class=\"button-holder space-bottom space-bottom-small\" data-type=\"column\"> <a class=\"button color1\" href=\"https:\/\/liffe.com.br?page_id=95\" target=\"_self\" data-cp-link=\"1\" rel=\"noopener\">Conhe\u00e7a<\/a><\/div> <div  class=\"col-xs bottom-xs flexbox image-group-bottom-3-img space-bottom-xs center-xs\"> <a data-cp-link=\"1\" href=\"https:\/\/liffe.com.br?page_id=93\" class=\"left-img-anchor\" target=\"_self\" rel=\"noopener\"><img  decoding=\"async\" class=\"left-img shadow-large-black\" data-size=\"500x300\" src=\"https:\/\/liffe.com.br\/wp-content\/uploads\/2023\/08\/cropped-econekta.png\" title=\"cropped-econekta.png\" alt=\"Econekta - ssietam de pagamento on line\"><\/a> <a data-cp-link=\"1\" href=\"https:\/\/liffe.com.br?page_id=95\" class=\"center-img-anchor\" target=\"_self\" rel=\"noopener\"><img  decoding=\"async\" class=\"center-img shadow-large-black\" data-size=\"500x300\" src=\"http:\/\/liffe.com.br\/wp-content\/uploads\/2023\/08\/cropped-baner-2.png\"><\/a> <a data-cp-link=\"1\" href=\"https:\/\/liffe.com.br?page_id=89\" class=\"right-img-anchor\" target=\"_self\" rel=\"noopener\"><img  decoding=\"async\" class=\"right-img shadow-large-black\" data-size=\"500x300\" src=\"https:\/\/liffe.com.br\/wp-content\/uploads\/2023\/08\/cropped-cropped-Total-Bank-1.png\"><\/a><\/div> <\/div><\/div> <\/div><div  data-label=\"Overlappable\" data-id=\"overlappable--1\" data-export-id=\"overlappable-4\" data-category=\"overlappable\" class=\"overlappable-4 content-section content-section-spacing\" data-overlap=\"true\" id=\"overlappable-1\" style=\"background-color: rgb(255, 255, 255);\"><div  class=\"gridContainer\"> <div  data-type=\"row\" class=\"row spaced-cols text-center\"><div  class=\"col-xs-12 col-sm-4 col-padding col-md-12 \">  <div  data-type=\"column\" class=\"\"> <h5  class=\"\"><\/h5> <\/div> <\/div>  <div  class=\"col-xs-12 col-sm-4 col-padding col-md-12 \">  <div  data-type=\"column\" class=\"\"> <\/div> <\/div><\/div> <\/div><\/div><div  data-label=\"Content\" data-id=\"content--1\" data-export-id=\"content-8\" data-category=\"content\" class=\"content-8 content-section content-section-spacing\" id=\"content-1\" style=\"background-color: rgb(245, 250, 253);\"><div  class=\"gridContainer\"> <div  class=\"row middle-sm\"><div  class=\"col-sm-6 space-bottom-xs space-top-xs\" data-type=\"column\"> <a data-cp-link=\"1\" href=\"https:\/\/liffe.com.br?page_id=97\" class=\"\" target=\"_self\" rel=\"noopener\"><img  decoding=\"async\" class=\"shadow-large\" src=\"https:\/\/liffe.com.br\/wp-content\/uploads\/2023\/08\/cropped-Captura-de-tela-2023-08-28-125202.png\" title=\"Sistema de gest\u00e3o\" alt=\"sistema ERP\"><\/a><\/div> <div  class=\"col-sm-6\" data-type=\"column\"><h2  class=\"\">Solu\u00e7\u00f5es em tecnologia!&nbsp;<\/h2> <p  class=\"\">Possuimos solu\u00e7\u00f5es perssonalizadas para o seu neg\u00f3cio. Desse modo sua empresa tem maoir eficacia nas opera\u00e7\u00f5es otimizando e garantindo a seguran\u00e7a da informa\u00e7\u00e3o de seuas opera\u00e7\u00f5es. clica em saiba mais e confira&nbsp;<\/p> <a class=\"button color1\" href=\"https:\/\/liffe.com.br?page_id=97\" target=\"_self\" data-cp-link=\"1\" rel=\"noopener\">Saiba mais <\/a><\/div> <\/div><\/div> <\/div><div  data-label=\"Content\" data-id=\"content--2\" data-export-id=\"content-7\" data-category=\"content\" class=\"content-7 content-section content-section-spacing\" id=\"content-2\" style=\"background-color: rgb(255, 255, 255);\"><div  class=\"gridContainer\"> <div  class=\"row middle-sm\"><div  class=\"col-sm-6 space-bottom-xs\" data-type=\"column\"> <h2  class=\"\">Servi\u00e7os de tecnologia!<\/h2> <p  class=\"\">Desempenhamos diversos tipos de servi\u00e7os expecializados na \u00e1rea de TI sempre com enfase na segura\u00e7\u00e3o de dados e trasa\u00e7oes financeiras! Clique em Saiba mais e descubra todos em nosos servi\u00e7os!<\/p> <a class=\"button color1\" href=\"https:\/\/liffe.com.br?page_id=105\" target=\"_self\" data-cp-link=\"1\" rel=\"noopener\">Saiba mais <\/a><\/div> <div  class=\"col-sm-6\" data-type=\"column\"> <a data-cp-link=\"1\" href=\"https:\/\/liffe.com.br?page_id=105\" class=\"\" target=\"_self\" rel=\"noopener\"><img  decoding=\"async\" class=\"shadow-large\" src=\"https:\/\/liffe.com.br\/wp-content\/uploads\/2023\/08\/cropped-cropped-pexels-fauxels-3184465.jpg\" title=\"cropped-cropped-pexels-fauxels-3184465.jpg\" alt=\"\"><\/a><\/div> <\/div><\/div> <\/div><div  id=\"testimonials-5\" style=\"background-color: #ffffff;\" data-label=\"Testimonials\" data-id=\"testimonials-5\" data-export-id=\"testimonials-5\" data-category=\"testimonials\" class=\"testimonials-5 content-section content-section-spacing\"><div  class=\"\"> <div  class=\"row\"><div  data-type=\"column\" class=\"section-title-col\"> <h2  class=\"\" style=\"border-bottom-color: rgb(255, 100, 0);\">Depoimentos!<\/h2> <p  class=\"lead\">Confira alguns depoimentos de nossos clientes!&nbsp;<\/p><\/div> <\/div> <div  class=\"row spaced-cols content-center-sm\" data-type=\"row\"> <div  class=\"col-xs-12 col-sm-6 col-md-4 \"> <div  class=\"card y-move bordered\" data-type=\"column\"> <i  class=\"fa fa-quote-right icon color1 small quotation-icon\"><\/i> <p  class=\"text-center\"><\/p> <img  decoding=\"async\" src=\"http:\/\/liffe.com.br\/wp-content\/uploads\/2023\/08\/cropped-cropped-WhatsApp-Image-2023-08-31-at-11.43.37.jpeg\" class=\"round icon\" title=\"suporte em ti\" alt=\"suporte em ti\"> <h6  class=\"\">Talita Machado\n<br >Diretora&nbsp; Tupperware Zenite<\/h6> <p  class=\"small italic\">Para nossa empresa \u00e9 uma satisfa\u00e7\u00e3o trabalhar com a Liffe. \u00c9 uma empresa comprometida, com equipe qualificada, que cuida do cliente como \u00fanico.<\/p><\/div> <\/div> <div  class=\"col-xs-12 col-sm-6 col-md-4 \"> <div  class=\"card y-move bordered\" data-type=\"column\"> <i  class=\"fa fa-quote-right icon color1 small quotation-icon\"><\/i> <p  class=\"text-center\"><\/p> <img  decoding=\"async\" src=\"http:\/\/liffe.com.br\/wp-content\/uploads\/2023\/09\/cropped-WhatsApp-Image-2023-09-01-at-15.46.20-e1693594110310-1.jpeg\" class=\"round icon\" title=\"WhatsApp Image 2023-09-01 at 15.46.20\" alt=\"\"> <h6  class=\"\">Marcelo Carvalho<br >Diretor Supply Midia<\/h6> <p  class=\"small italic\">H\u00e1 mais de 20 anos sendo parceiros em neg\u00f3cios, atendimento e prospec\u00e7\u00e3o de clientes, temos na Life uma grande aliada para impulsionar o sucesso da nossa empresa. O foco no crescimento e em resultados sempre foi uma meta compartilhada e, por isso, juntos colhemos frutos muito positivos.<\/p><\/div> <\/div> <div  class=\"col-xs-12 col-sm-6 col-md-4 \"> <div  class=\"card y-move bordered\" data-type=\"column\"> <i  class=\"fa fa-quote-right icon color1 small quotation-icon\"><\/i> <p  class=\"text-center\"><\/p> <img  decoding=\"async\" src=\"http:\/\/liffe.com.br\/wp-content\/uploads\/2023\/09\/cropped-WhatsApp-Image-2023-09-04-at-10.37.34.png\" class=\"round icon\" title=\"cropped-WhatsApp-Image-2023-09-04-at-10.37.34.png\" alt=\"\"> <h6  class=\"\">Rodrigo Acoota <br >S\u00f3cio Diretor Conservadora Ecletica<\/h6> <p  class=\"small italic\">Gostar\u00edamos de compartilhar nossa opini\u00e3o em rela\u00e7\u00e3o a empresa Liffe;<br >Estamos muito satisfeitos pelo atendimento dessa empresa focada sempre na rapidez e seriedade em resolver nossos problemas.<br >Parab\u00e9ns pela excel\u00eancia !<\/p><\/div> <\/div><\/div> <\/div><\/div><div  id=\"counters-2\" style=\"background-color: #f5fafd;\" data-label=\"Counters\" data-id=\"counters-2\" data-export-id=\"counters-2\" data-category=\"counters\" class=\"counters-2 content-section content-section-spacing\"><div  class=\"gridContainer\"> <div  class=\"row text-center\"><div  class=\"section-title-col\" data-type=\"column\"> <h2  class=\"\" style=\"border-bottom-color: rgb(255, 100, 0);\"><\/h2> <p  class=\"lead\"><\/p><\/div> <\/div> <div  class=\"row\" data-type=\"row\"> <div  class=\"col-xs-12 col-sm-4 text-center space-bottom\"> <i  class=\"fa icon color1 fa-envira\"><\/i> <h3  class=\"font-400\" data-min=\"0\" data-max=\"10\" data-duration=\"2000\" data-prefix=\"\" data-suffix=\"+\" data-countup=\"true\" style=\"display: inline-block;\"><\/h3> <h5  class=\"upper color2\">parceiros&nbsp;<\/h5><\/div> <div  class=\"col-xs-12 col-sm-4 text-center space-bottom\"><i  class=\"fa fa-smile-o icon color1\"><\/i> <h3  class=\"font-400\" data-min=\"10000\" data-max=\"15000\" data-duration=\"2000\" data-prefix=\"\" data-suffix=\"+\" data-countup=\"true\" style=\"display: inline-block;\"><\/h3> <h5  class=\"upper color2\">CLIENTES SATISFEITOS<\/h5><\/div> <div  class=\"col-xs-12 col-sm-4 text-center space-bottom\"><i  class=\"fa icon color1 fa-star-o\"><\/i> <h3  class=\"font-400\" data-min=\"0\" data-max=\"25\" data-duration=\"2000\" data-prefix=\"\" data-suffix=\"\" data-countup=\"true\" style=\"display: inline-block;\"><\/h3> <h5  class=\"upper color2\">anos de experi\u00eancia<\/h5><\/div> <\/div><\/div> <\/div><div  id=\"contact-1\" data-label=\"Contact\" data-id=\"contact-1\" data-export-id=\"contact-1\" data-category=\"contact\" class=\"contact-1 content-section content-section-spacing white-text\" data-parallax-depth=\"20\" style=\"background-image: url(&quot;http:\/\/liffe.com.br\/wp-content\/uploads\/2023\/08\/pexels-marta-branco-1194713-scaled.jpg&quot;); background-size: cover; background-position: center top;\"><div  class=\"gridContainer\"> <div  class=\"row text-center\"><div  class=\"section-title-col\" data-type=\"column\"> <h2  class=\"\" style=\"border-bottom-color: rgb(129, 105, 71);\">Entre em contato conosco!<\/h2> <a class=\"link\" href=\"#\" target=\"_self\" data-cp-link=\"1\" rel=\"noopener\"><\/a><a class=\"button blue\" href=\"https:\/\/web.whatsapp.com\/send?phone=5531992150093\" target=\"_blank\" data-cp-link=\"1\" rel=\"noopener\">Whatsapp<\/a><\/div> <\/div> <div  class=\"row text-center\"> <div  class=\"col-xs-12 col-sm-8 col-sm-offset-2 contact-form-wrapper inline-info\"> <div  class=\"card large-padding\"> <div  class=\"\" data-content-shortcode=\"mesmerize_contact_form shortcode=&quot;wpforms id=&amp;amp;quot;352&amp;amp;quot; title=&amp;amp;quot;false&amp;amp;quot;&quot;\" data-editable=\"true\"><div class=\"wpforms-container wpforms-container-full wpforms-render-modern\" id=\"wpforms-352\"><form id=\"wpforms-form-352\" class=\"wpforms-validate wpforms-form wpforms-ajax-form\" data-formid=\"352\" method=\"post\" enctype=\"multipart\/form-data\" action=\"\/index.php?rest_route=%2Fwp%2Fv2%2Fpages%2F18\" data-token=\"90a9f7d65fd57a57d6aba7d167fc2a6e\"><noscript class=\"wpforms-error-noscript\">Ative o JavaScript no seu navegador para preencher este formul\u00e1rio.<\/noscript><div class=\"wpforms-hidden\" id=\"wpforms-error-noscript\">Ative o JavaScript no seu navegador para preencher este formul\u00e1rio.<\/div><div class=\"wpforms-field-container\"><div id=\"wpforms-352-field_0-container\" class=\"wpforms-field wpforms-field-name\" data-field-id=\"0\"><label class=\"wpforms-field-label\" for=\"wpforms-352-field_0\">Nome <span class=\"wpforms-required-label\" aria-hidden=\"true\">*<\/span><\/label><input type=\"text\" id=\"wpforms-352-field_0\" class=\"wpforms-field-medium wpforms-field-required\" name=\"wpforms[fields][0]\" aria-errormessage=\"wpforms-352-field_0-error\" required><\/div><div id=\"wpforms-352-field_1-container\" class=\"wpforms-field wpforms-field-email\" data-field-id=\"1\"><label class=\"wpforms-field-label\" for=\"wpforms-352-field_1\">E-mail <span class=\"wpforms-required-label\" aria-hidden=\"true\">*<\/span><\/label><input type=\"email\" id=\"wpforms-352-field_1\" class=\"wpforms-field-medium wpforms-field-required\" name=\"wpforms[fields][1]\" spellcheck=\"false\" aria-errormessage=\"wpforms-352-field_1-error\" required><\/div><div id=\"wpforms-352-field_3-container\" class=\"wpforms-field wpforms-field-number\" data-field-id=\"3\"><label class=\"wpforms-field-label\" for=\"wpforms-352-field_3\">Contato (Whatapp)<\/label><input type=\"number\" pattern=\"\\d*\" id=\"wpforms-352-field_3\" class=\"wpforms-field-medium\" name=\"wpforms[fields][3]\" aria-errormessage=\"wpforms-352-field_3-error\" ><\/div><div id=\"wpforms-352-field_2-container\" class=\"wpforms-field wpforms-field-textarea\" data-field-id=\"2\"><label class=\"wpforms-field-label\" for=\"wpforms-352-field_2\">Coment\u00e1rio ou Mensagem<\/label><textarea id=\"wpforms-352-field_2\" class=\"wpforms-field-medium\" name=\"wpforms[fields][2]\" aria-errormessage=\"wpforms-352-field_2-error\" ><\/textarea><\/div><\/div><!-- .wpforms-field-container --><div class=\"wpforms-submit-container\" ><input type=\"hidden\" name=\"wpforms[id]\" value=\"352\"><input type=\"hidden\" name=\"wpforms[author]\" value=\"1\"><button type=\"submit\" name=\"wpforms[submit]\" id=\"wpforms-submit-352\" class=\"wpforms-submit\" data-alt-text=\"Enviando\u2026\" data-submit-text=\"Enviar\" aria-live=\"assertive\" value=\"wpforms-submit\">Enviar<\/button><img loading=\"lazy\" decoding=\"async\" src=\"https:\/\/liffe.com.br\/wp-content\/plugins\/wpforms-lite\/assets\/images\/submit-spin.svg\" class=\"wpforms-submit-spinner\" style=\"display: none;\" width=\"26\" height=\"26\" alt=\"A Carregar\"><\/div><\/form><\/div>  <!-- .wpforms-container --><\/div><\/div> <\/div><\/div> <\/div><\/div>","protected":false},"excerpt":{"rendered":"<p>Concentre-se&nbsp;naquilo que voc\u00ea \u00e9 bom,&nbsp;delegue todo o resto! Steve Jobs Conhe\u00e7a nossos produtos! Conhe\u00e7a Solu\u00e7\u00f5es em tecnologia!&nbsp; Possuimos solu\u00e7\u00f5es perssonalizadas para o seu neg\u00f3cio. Desse modo sua empresa tem maoir eficacia nas opera\u00e7\u00f5es otimizando e garantindo a seguran\u00e7a da informa\u00e7\u00e3o de seuas opera\u00e7\u00f5es. clica em saiba mais e confira&nbsp; Saiba mais Servi\u00e7os de tecnologia! Desempenhamos&hellip; <br \/> <a class=\"read-more\" href=\"https:\/\/liffe.com.br\/\">Leia mais<\/a><\/p>\n","protected":false},"author":1,"featured_media":0,"parent":0,"menu_order":0,"comment_status":"closed","ping_status":"closed","template":"page-templates\/homepage.php","meta":{"footnotes":""},"class_list":["post-18","page","type-page","status-publish","hentry"],"_links":{"self":[{"href":"https:\/\/liffe.com.br\/index.php?rest_route=\/wp\/v2\/pages\/18","targetHints":{"allow":["GET"]}}],"collection":[{"href":"https:\/\/liffe.com.br\/index.php?rest_route=\/wp\/v2\/pages"}],"about":[{"href":"https:\/\/liffe.com.br\/index.php?rest_route=\/wp\/v2\/types\/page"}],"author":[{"embeddable":true,"href":"https:\/\/liffe.com.br\/index.php?rest_route=\/wp\/v2\/users\/1"}],"replies":[{"embeddable":true,"href":"https:\/\/liffe.com.br\/index.php?rest_route=%2Fwp%2Fv2%2Fcomments&post=18"}],"version-history":[{"count":57,"href":"https:\/\/liffe.com.br\/index.php?rest_route=\/wp\/v2\/pages\/18\/revisions"}],"predecessor-version":[{"id":787,"href":"https:\/\/liffe.com.br\/index.php?rest_route=\/wp\/v2\/pages\/18\/revisions\/787"}],"wp:attachment":[{"href":"https:\/\/liffe.com.br\/index.php?rest_route=%2Fwp%2Fv2%2Fmedia&parent=18"}],"curies":[{"name":"wp","href":"https:\/\/api.w.org\/{rel}","templated":true}]}}