{"id":127,"date":"2023-08-02T10:49:41","date_gmt":"2023-08-02T13:49:41","guid":{"rendered":"https:\/\/liffe.com.br\/?page_id=127"},"modified":"2023-09-04T11:49:46","modified_gmt":"2023-09-04T14:49:46","slug":"revendas","status":"publish","type":"page","link":"https:\/\/liffe.com.br\/?page_id=127","title":{"rendered":"Revendas Especializadas para seu negocio!"},"content":{"rendered":"\t\t<div data-elementor-type=\"wp-page\" data-elementor-id=\"127\" class=\"elementor elementor-127\">\n\t\t\t\t\t\t\t\t\t<section class=\"elementor-section elementor-top-section elementor-element elementor-element-17cb10a elementor-section-boxed elementor-section-height-default elementor-section-height-default\" data-id=\"17cb10a\" data-element_type=\"section\">\n\t\t\t\t\t\t<div class=\"elementor-container elementor-column-gap-default\">\n\t\t\t\t\t<div class=\"elementor-column elementor-col-100 elementor-top-column elementor-element elementor-element-3bbf378\" data-id=\"3bbf378\" data-element_type=\"column\">\n\t\t\t<div class=\"elementor-widget-wrap elementor-element-populated\">\n\t\t\t\t\t\t\t\t<div class=\"elementor-element elementor-element-d19d140 elementor-invisible elementor-widget elementor-widget-heading\" data-id=\"d19d140\" data-element_type=\"widget\" data-settings=\"{&quot;_animation&quot;:&quot;fadeIn&quot;}\" data-widget_type=\"heading.default\">\n\t\t\t\t<div class=\"elementor-widget-container\">\n\t\t\t<style>\/*! elementor - v3.15.0 - 20-08-2023 *\/\n.elementor-heading-title{padding:0;margin:0;line-height:1}.elementor-widget-heading .elementor-heading-title[class*=elementor-size-]>a{color:inherit;font-size:inherit;line-height:inherit}.elementor-widget-heading .elementor-heading-title.elementor-size-small{font-size:15px}.elementor-widget-heading .elementor-heading-title.elementor-size-medium{font-size:19px}.elementor-widget-heading .elementor-heading-title.elementor-size-large{font-size:29px}.elementor-widget-heading .elementor-heading-title.elementor-size-xl{font-size:39px}.elementor-widget-heading .elementor-heading-title.elementor-size-xxl{font-size:59px}<\/style><h2 class=\"elementor-heading-title elementor-size-default\">Pensando na seguran\u00e7a e agilidade do seu negocio, vendemos toda linha de Licenciamento da Microsoft e do BitDefender. entendemos que um sistema operacional licenciado protege contra amea\u00e7as pois garante as atualiza\u00e7\u00f5es de seguran\u00e7a e minimizando assim os riscos de ataques. Isso em conjunto com o melhor antiv\u00edrus do mercado eleito pela AV 2022 seus equipamentos ficam muito mais seguros.<\/h2>\t\t<\/div>\n\t\t\t\t<\/div>\n\t\t\t\t\t<\/div>\n\t\t<\/div>\n\t\t\t\t\t\t\t<\/div>\n\t\t<\/section>\n\t\t\t\t<section class=\"elementor-section elementor-top-section elementor-element elementor-element-f36c09c elementor-section-boxed elementor-section-height-default elementor-section-height-default\" data-id=\"f36c09c\" data-element_type=\"section\">\n\t\t\t\t\t\t<div class=\"elementor-container elementor-column-gap-default\">\n\t\t\t\t\t<div class=\"elementor-column elementor-col-100 elementor-top-column elementor-element elementor-element-d07dd48\" data-id=\"d07dd48\" data-element_type=\"column\">\n\t\t\t<div class=\"elementor-widget-wrap elementor-element-populated\">\n\t\t\t\t\t\t\t\t<div class=\"elementor-element elementor-element-1650fa1 elementor-widget elementor-widget-spacer\" data-id=\"1650fa1\" data-element_type=\"widget\" data-widget_type=\"spacer.default\">\n\t\t\t\t<div class=\"elementor-widget-container\">\n\t\t\t<style>\/*! elementor - v3.15.0 - 20-08-2023 *\/\n.elementor-column .elementor-spacer-inner{height:var(--spacer-size)}.e-con{--container-widget-width:100%}.e-con-inner>.elementor-widget-spacer,.e-con>.elementor-widget-spacer{width:var(--container-widget-width,var(--spacer-size));--align-self:var(--container-widget-align-self,initial);--flex-shrink:0}.e-con-inner>.elementor-widget-spacer>.elementor-widget-container,.e-con-inner>.elementor-widget-spacer>.elementor-widget-container>.elementor-spacer,.e-con>.elementor-widget-spacer>.elementor-widget-container,.e-con>.elementor-widget-spacer>.elementor-widget-container>.elementor-spacer{height:100%}.e-con-inner>.elementor-widget-spacer>.elementor-widget-container>.elementor-spacer>.elementor-spacer-inner,.e-con>.elementor-widget-spacer>.elementor-widget-container>.elementor-spacer>.elementor-spacer-inner{height:var(--container-widget-height,var(--spacer-size))}<\/style>\t\t<div class=\"elementor-spacer\">\n\t\t\t<div class=\"elementor-spacer-inner\"><\/div>\n\t\t<\/div>\n\t\t\t\t<\/div>\n\t\t\t\t<\/div>\n\t\t\t\t\t<\/div>\n\t\t<\/div>\n\t\t\t\t\t\t\t<\/div>\n\t\t<\/section>\n\t\t\t\t<section class=\"elementor-section elementor-top-section elementor-element elementor-element-73f2abd elementor-section-boxed elementor-section-height-default elementor-section-height-default\" data-id=\"73f2abd\" data-element_type=\"section\">\n\t\t\t\t\t\t<div class=\"elementor-container elementor-column-gap-default\">\n\t\t\t\t\t<div class=\"elementor-column elementor-col-33 elementor-top-column elementor-element elementor-element-7a7b43c\" data-id=\"7a7b43c\" data-element_type=\"column\">\n\t\t\t<div class=\"elementor-widget-wrap elementor-element-populated\">\n\t\t\t\t\t\t\t\t<div class=\"elementor-element elementor-element-c6bcf9d elementor-invisible elementor-widget elementor-widget-image\" data-id=\"c6bcf9d\" data-element_type=\"widget\" data-settings=\"{&quot;_animation&quot;:&quot;fadeIn&quot;}\" data-widget_type=\"image.default\">\n\t\t\t\t<div class=\"elementor-widget-container\">\n\t\t\t<style>\/*! elementor - v3.15.0 - 20-08-2023 *\/\n.elementor-widget-image{text-align:center}.elementor-widget-image a{display:inline-block}.elementor-widget-image a img[src$=\".svg\"]{width:48px}.elementor-widget-image img{vertical-align:middle;display:inline-block}<\/style>\t\t\t\t\t\t\t\t\t\t\t\t<img loading=\"lazy\" decoding=\"async\" width=\"183\" height=\"69\" src=\"https:\/\/liffe.com.br\/wp-content\/uploads\/2023\/08\/2.png\" class=\"attachment-large size-large wp-image-235\" alt=\"licen\u00e7a Windows\" \/>\t\t\t\t\t\t\t\t\t\t\t\t\t\t\t<\/div>\n\t\t\t\t<\/div>\n\t\t\t\t<div class=\"elementor-element elementor-element-bea9ea6 elementor-invisible elementor-widget elementor-widget-heading\" data-id=\"bea9ea6\" data-element_type=\"widget\" data-settings=\"{&quot;_animation&quot;:&quot;fadeInDown&quot;}\" data-widget_type=\"heading.default\">\n\t\t\t\t<div class=\"elementor-widget-container\">\n\t\t\t<h2 class=\"elementor-heading-title elementor-size-default\">Licen\u00e7as de toda linha Microsoft Windows \n\u200b<\/h2>\t\t<\/div>\n\t\t\t\t<\/div>\n\t\t\t\t<div class=\"elementor-element elementor-element-0477bbb elementor-align-justify elementor-invisible elementor-widget elementor-widget-button\" data-id=\"0477bbb\" data-element_type=\"widget\" data-settings=\"{&quot;_animation&quot;:&quot;fadeIn&quot;}\" data-widget_type=\"button.default\">\n\t\t\t\t<div class=\"elementor-widget-container\">\n\t\t\t\t\t<div class=\"elementor-button-wrapper\">\n\t\t\t<a class=\"elementor-button elementor-button-link elementor-size-sm elementor-animation-grow\" href=\"https:\/\/api.whatsapp.com\/send\/?phone=5531983439339&#038;text&#038;type=phone_number&#038;app_absent=0\" target=\"_blank\">\n\t\t\t\t\t\t<span class=\"elementor-button-content-wrapper\">\n\t\t\t\t\t\t<span class=\"elementor-button-text\">Solicite uma cota\u00e7\u00e3o<\/span>\n\t\t<\/span>\n\t\t\t\t\t<\/a>\n\t\t<\/div>\n\t\t\t\t<\/div>\n\t\t\t\t<\/div>\n\t\t\t\t\t<\/div>\n\t\t<\/div>\n\t\t\t\t<div class=\"elementor-column elementor-col-33 elementor-top-column elementor-element elementor-element-944c8da\" data-id=\"944c8da\" data-element_type=\"column\">\n\t\t\t<div class=\"elementor-widget-wrap elementor-element-populated\">\n\t\t\t\t\t\t\t\t<div class=\"elementor-element elementor-element-181f62e elementor-invisible elementor-widget elementor-widget-image\" data-id=\"181f62e\" data-element_type=\"widget\" data-settings=\"{&quot;_animation&quot;:&quot;fadeIn&quot;}\" data-widget_type=\"image.default\">\n\t\t\t\t<div class=\"elementor-widget-container\">\n\t\t\t\t\t\t\t\t\t\t\t\t\t\t\t<img loading=\"lazy\" decoding=\"async\" width=\"1024\" height=\"576\" src=\"https:\/\/liffe.com.br\/wp-content\/uploads\/2023\/08\/kisspng-logo-office-365-microsoft-office-2016-microsoft-co-announcing-new-microsoft-office-365-integrations-a-5b62d1a639a190.4094703715332028542361-1024x576.png\" class=\"attachment-large size-large wp-image-202\" alt=\"office 365\" srcset=\"https:\/\/liffe.com.br\/wp-content\/uploads\/2023\/08\/kisspng-logo-office-365-microsoft-office-2016-microsoft-co-announcing-new-microsoft-office-365-integrations-a-5b62d1a639a190.4094703715332028542361-1024x576.png 1024w, https:\/\/liffe.com.br\/wp-content\/uploads\/2023\/08\/kisspng-logo-office-365-microsoft-office-2016-microsoft-co-announcing-new-microsoft-office-365-integrations-a-5b62d1a639a190.4094703715332028542361-300x169.png 300w, https:\/\/liffe.com.br\/wp-content\/uploads\/2023\/08\/kisspng-logo-office-365-microsoft-office-2016-microsoft-co-announcing-new-microsoft-office-365-integrations-a-5b62d1a639a190.4094703715332028542361-768x432.png 768w, https:\/\/liffe.com.br\/wp-content\/uploads\/2023\/08\/kisspng-logo-office-365-microsoft-office-2016-microsoft-co-announcing-new-microsoft-office-365-integrations-a-5b62d1a639a190.4094703715332028542361-1536x864.png 1536w, https:\/\/liffe.com.br\/wp-content\/uploads\/2023\/08\/kisspng-logo-office-365-microsoft-office-2016-microsoft-co-announcing-new-microsoft-office-365-integrations-a-5b62d1a639a190.4094703715332028542361-2048x1152.png 2048w, https:\/\/liffe.com.br\/wp-content\/uploads\/2023\/08\/kisspng-logo-office-365-microsoft-office-2016-microsoft-co-announcing-new-microsoft-office-365-integrations-a-5b62d1a639a190.4094703715332028542361-1920x1080.png 1920w\" sizes=\"auto, (max-width: 1024px) 100vw, 1024px\" \/>\t\t\t\t\t\t\t\t\t\t\t\t\t\t\t<\/div>\n\t\t\t\t<\/div>\n\t\t\t\t<div class=\"elementor-element elementor-element-47f2fac elementor-invisible elementor-widget elementor-widget-heading\" data-id=\"47f2fac\" data-element_type=\"widget\" data-settings=\"{&quot;_animation&quot;:&quot;fadeInDown&quot;}\" data-widget_type=\"heading.default\">\n\t\t\t\t<div class=\"elementor-widget-container\">\n\t\t\t<h2 class=\"elementor-heading-title elementor-size-default\">O melhor do pacote office ao seu alcance\u200b<\/h2>\t\t<\/div>\n\t\t\t\t<\/div>\n\t\t\t\t<div class=\"elementor-element elementor-element-1b2f2f8 elementor-align-justify elementor-invisible elementor-widget elementor-widget-button\" data-id=\"1b2f2f8\" data-element_type=\"widget\" data-settings=\"{&quot;_animation&quot;:&quot;fadeIn&quot;}\" data-widget_type=\"button.default\">\n\t\t\t\t<div class=\"elementor-widget-container\">\n\t\t\t\t\t<div class=\"elementor-button-wrapper\">\n\t\t\t<a class=\"elementor-button elementor-button-link elementor-size-sm elementor-animation-grow\" href=\"https:\/\/api.whatsapp.com\/send\/?phone=5531983439339&#038;text&#038;type=phone_number&#038;app_absent=0\" target=\"_blank\">\n\t\t\t\t\t\t<span class=\"elementor-button-content-wrapper\">\n\t\t\t\t\t\t<span class=\"elementor-button-text\">Solicite uma cota\u00e7\u00e3o<\/span>\n\t\t<\/span>\n\t\t\t\t\t<\/a>\n\t\t<\/div>\n\t\t\t\t<\/div>\n\t\t\t\t<\/div>\n\t\t\t\t\t<\/div>\n\t\t<\/div>\n\t\t\t\t<div class=\"elementor-column elementor-col-33 elementor-top-column elementor-element elementor-element-8540d95\" data-id=\"8540d95\" data-element_type=\"column\">\n\t\t\t<div class=\"elementor-widget-wrap elementor-element-populated\">\n\t\t\t\t\t\t\t\t<div class=\"elementor-element elementor-element-d1c5d65 elementor-invisible elementor-widget elementor-widget-image\" data-id=\"d1c5d65\" data-element_type=\"widget\" data-settings=\"{&quot;_animation&quot;:&quot;fadeIn&quot;}\" data-widget_type=\"image.default\">\n\t\t\t\t<div class=\"elementor-widget-container\">\n\t\t\t\t\t\t\t\t\t\t\t\t\t\t\t<img loading=\"lazy\" decoding=\"async\" width=\"1024\" height=\"524\" src=\"https:\/\/liffe.com.br\/wp-content\/uploads\/2023\/08\/Bitdefender_Logo_black_text-1024x524.png\" class=\"attachment-large size-large wp-image-203\" alt=\"proteja seu computador\" srcset=\"https:\/\/liffe.com.br\/wp-content\/uploads\/2023\/08\/Bitdefender_Logo_black_text-1024x524.png 1024w, https:\/\/liffe.com.br\/wp-content\/uploads\/2023\/08\/Bitdefender_Logo_black_text-300x154.png 300w, https:\/\/liffe.com.br\/wp-content\/uploads\/2023\/08\/Bitdefender_Logo_black_text-768x393.png 768w, https:\/\/liffe.com.br\/wp-content\/uploads\/2023\/08\/Bitdefender_Logo_black_text-1536x786.png 1536w, https:\/\/liffe.com.br\/wp-content\/uploads\/2023\/08\/Bitdefender_Logo_black_text-2048x1048.png 2048w, https:\/\/liffe.com.br\/wp-content\/uploads\/2023\/08\/Bitdefender_Logo_black_text-1920x983.png 1920w\" sizes=\"auto, (max-width: 1024px) 100vw, 1024px\" \/>\t\t\t\t\t\t\t\t\t\t\t\t\t\t\t<\/div>\n\t\t\t\t<\/div>\n\t\t\t\t<div class=\"elementor-element elementor-element-dbe48f4 elementor-invisible elementor-widget elementor-widget-heading\" data-id=\"dbe48f4\" data-element_type=\"widget\" data-settings=\"{&quot;_animation&quot;:&quot;fadeInDown&quot;}\" data-widget_type=\"heading.default\">\n\t\t\t\t<div class=\"elementor-widget-container\">\n\t\t\t<h2 class=\"elementor-heading-title elementor-size-default\">Proteja seus equipamentos com o melhor antiv\u00edrus do mercado\n <\/h2>\t\t<\/div>\n\t\t\t\t<\/div>\n\t\t\t\t<div class=\"elementor-element elementor-element-2dae7c5 elementor-align-justify elementor-invisible elementor-widget elementor-widget-button\" data-id=\"2dae7c5\" data-element_type=\"widget\" data-settings=\"{&quot;_animation&quot;:&quot;fadeIn&quot;}\" data-widget_type=\"button.default\">\n\t\t\t\t<div class=\"elementor-widget-container\">\n\t\t\t\t\t<div class=\"elementor-button-wrapper\">\n\t\t\t<a class=\"elementor-button elementor-button-link elementor-size-sm elementor-animation-grow\" href=\"https:\/\/api.whatsapp.com\/send\/?phone=5531983439339&#038;text&#038;type=phone_number&#038;app_absent=0\" target=\"_blank\">\n\t\t\t\t\t\t<span class=\"elementor-button-content-wrapper\">\n\t\t\t\t\t\t<span class=\"elementor-button-text\">Solicite  uma conta\u00e7\u00e3o<\/span>\n\t\t<\/span>\n\t\t\t\t\t<\/a>\n\t\t<\/div>\n\t\t\t\t<\/div>\n\t\t\t\t<\/div>\n\t\t\t\t\t<\/div>\n\t\t<\/div>\n\t\t\t\t\t\t\t<\/div>\n\t\t<\/section>\n\t\t\t\t\t\t\t<\/div>\n\t\t","protected":false},"excerpt":{"rendered":"<p>Pensando na seguran\u00e7a e agilidade do seu negocio, vendemos toda linha de Licenciamento da Microsoft e do BitDefender. entendemos que um sistema operacional licenciado protege contra amea\u00e7as pois garante as atualiza\u00e7\u00f5es de seguran\u00e7a e minimizando assim os riscos de ataques. Isso em conjunto com o melhor antiv\u00edrus do mercado eleito pela AV 2022 seus equipamentos&hellip; <br \/> <a class=\"read-more\" href=\"https:\/\/liffe.com.br\/?page_id=127\">Leia mais<\/a><\/p>\n","protected":false},"author":1,"featured_media":0,"parent":0,"menu_order":0,"comment_status":"closed","ping_status":"closed","template":"","meta":{"footnotes":""},"class_list":["post-127","page","type-page","status-publish","hentry"],"_links":{"self":[{"href":"https:\/\/liffe.com.br\/index.php?rest_route=\/wp\/v2\/pages\/127","targetHints":{"allow":["GET"]}}],"collection":[{"href":"https:\/\/liffe.com.br\/index.php?rest_route=\/wp\/v2\/pages"}],"about":[{"href":"https:\/\/liffe.com.br\/index.php?rest_route=\/wp\/v2\/types\/page"}],"author":[{"embeddable":true,"href":"https:\/\/liffe.com.br\/index.php?rest_route=\/wp\/v2\/users\/1"}],"replies":[{"embeddable":true,"href":"https:\/\/liffe.com.br\/index.php?rest_route=%2Fwp%2Fv2%2Fcomments&post=127"}],"version-history":[{"count":71,"href":"https:\/\/liffe.com.br\/index.php?rest_route=\/wp\/v2\/pages\/127\/revisions"}],"predecessor-version":[{"id":784,"href":"https:\/\/liffe.com.br\/index.php?rest_route=\/wp\/v2\/pages\/127\/revisions\/784"}],"wp:attachment":[{"href":"https:\/\/liffe.com.br\/index.php?rest_route=%2Fwp%2Fv2%2Fmedia&parent=127"}],"curies":[{"name":"wp","href":"https:\/\/api.w.org\/{rel}","templated":true}]}}