{"id":105,"date":"2023-08-02T10:43:42","date_gmt":"2023-08-02T13:43:42","guid":{"rendered":"https:\/\/liffe.com.br\/?page_id=105"},"modified":"2023-09-04T11:44:44","modified_gmt":"2023-09-04T14:44:44","slug":"terceirizacao-de-suporte-em-ti","status":"publish","type":"page","link":"https:\/\/liffe.com.br\/?page_id=105","title":{"rendered":"Terceiriza\u00e7\u00e3o de suporte em TI"},"content":{"rendered":"\t\t<div data-elementor-type=\"wp-page\" data-elementor-id=\"105\" class=\"elementor elementor-105\">\n\t\t\t\t\t\t\t\t\t<section class=\"elementor-section elementor-top-section elementor-element elementor-element-2529663 elementor-section-boxed elementor-section-height-default elementor-section-height-default\" data-id=\"2529663\" data-element_type=\"section\">\n\t\t\t\t\t\t<div class=\"elementor-container elementor-column-gap-default\">\n\t\t\t\t\t<div class=\"elementor-column elementor-col-50 elementor-top-column elementor-element elementor-element-41cefa2\" data-id=\"41cefa2\" data-element_type=\"column\">\n\t\t\t<div class=\"elementor-widget-wrap elementor-element-populated\">\n\t\t\t\t\t\t\t\t<div class=\"elementor-element elementor-element-aa04e39 elementor-widget elementor-widget-heading\" data-id=\"aa04e39\" data-element_type=\"widget\" data-widget_type=\"heading.default\">\n\t\t\t\t<div class=\"elementor-widget-container\">\n\t\t\t<style>\/*! elementor - v3.15.0 - 20-08-2023 *\/\n.elementor-heading-title{padding:0;margin:0;line-height:1}.elementor-widget-heading .elementor-heading-title[class*=elementor-size-]>a{color:inherit;font-size:inherit;line-height:inherit}.elementor-widget-heading .elementor-heading-title.elementor-size-small{font-size:15px}.elementor-widget-heading .elementor-heading-title.elementor-size-medium{font-size:19px}.elementor-widget-heading .elementor-heading-title.elementor-size-large{font-size:29px}.elementor-widget-heading .elementor-heading-title.elementor-size-xl{font-size:39px}.elementor-widget-heading .elementor-heading-title.elementor-size-xxl{font-size:59px}<\/style><h2 class=\"elementor-heading-title elementor-size-default\">No universo empresarial moderno, a Terceiriza\u00e7\u00e3o de Tecnologia da Informa\u00e7\u00e3o (TI) tem se destacado como uma abordagem estrat\u00e9gica que oferece uma s\u00e9rie de vantagens cruciais para empresas de todos os tamanhos. Ao transferir a responsabilidade de opera\u00e7\u00f5es de TI para um parceiro externo especializado, as organiza\u00e7\u00f5es podem desbloquear uma gama de benef\u00edcios que prejudicam a efici\u00eancia operacional, a inova\u00e7\u00e3o \u00e1gil e o crescimento sustent\u00e1vel. Aqui alguns dos benef\u00edcios primordiais dessa estrat\u00e9gia:<br><br>\n1. Expertise de Classe Mundial: <br><br>Uma das maiores vantagens da terceiriza\u00e7\u00e3o de TI \u00e9 uma oportunidade de acessar uma equipe de especialistas altamente especializados e especializados. Esses profissionais trazem um vasto conhecimento que abrange desde suporte t\u00e9cnico at\u00e9 seguran\u00e7a cibern\u00e9tica avan\u00e7ada. Em vez de gastar tempo e recursos no treinamento de uma equipe interna, as empresas podem confiar em especialistas prontos para lidar com os desafios complexos da TI moderna.<br><br>\n2. Foco Estrat\u00e9gico Aprimorado: <br><br>Ao transferir as opera\u00e7\u00f5es de TI para um parceiro terceirizado, as empresas podem direcionar seus recursos internos para atividades centrais e estrat\u00e9gicas. Isso resulta em uma maior capacidade de inova\u00e7\u00e3o, j\u00e1 que as equipes internacionais t\u00eam mais ritmo e energia para se concentrar em iniciativas de alto impacto que impulsionem o crescimento e a diferencia\u00e7\u00e3o no mercado.<br><br>\n3. Redu\u00e7\u00e3o de Custos Efetiva: <br><br>Manter uma equipe de TI interna pode ser caro, exigindo investimentos substanciais em infraestrutura, treinamento e atualiza\u00e7\u00f5es tecnol\u00f3gicas. A terceiriza\u00e7\u00e3o de TI permite que as empresas convertam esses custos fixos em vari\u00e1veis, pagando apenas pelos servi\u00e7os e recursos que realmente utilizam. Isso resulta em uma redu\u00e7\u00e3o de custos efetiva e em uma melhor previsibilidade financeira.<br><br>\n4. Escalabilidade Sem Esfor\u00e7o: <br><br>\u00c0 medida que as empresas crescem ou enfrentam TI pode variar significativamente<br><br>\n5. Acesso a Tecnologias de Ponta: A evolu\u00e7\u00e3o<br><br>\n6. Gest\u00e3o de Riscos e Seguran\u00e7a Refor\u00e7adas: <br><br>A seguran\u00e7a cibern\u00e9tica tornou-se uma preocupa\u00e7\u00e3o cr\u00edtica para todas as<br><br>\n7. Efici\u00eancia Operacional Aprimorada: Com especialistas<br><br>\n8. Maior Flexibilidade Estrat\u00e9gica\n<\/h2>\t\t<\/div>\n\t\t\t\t<\/div>\n\t\t\t\t\t<\/div>\n\t\t<\/div>\n\t\t\t\t<div class=\"elementor-column elementor-col-50 elementor-top-column elementor-element elementor-element-8c1e837\" data-id=\"8c1e837\" data-element_type=\"column\">\n\t\t\t<div class=\"elementor-widget-wrap elementor-element-populated\">\n\t\t\t\t\t\t\t\t<div class=\"elementor-element elementor-element-2c84647 elementor-widget elementor-widget-image\" data-id=\"2c84647\" data-element_type=\"widget\" data-widget_type=\"image.default\">\n\t\t\t\t<div class=\"elementor-widget-container\">\n\t\t\t<style>\/*! elementor - v3.15.0 - 20-08-2023 *\/\n.elementor-widget-image{text-align:center}.elementor-widget-image a{display:inline-block}.elementor-widget-image a img[src$=\".svg\"]{width:48px}.elementor-widget-image img{vertical-align:middle;display:inline-block}<\/style>\t\t\t\t\t\t\t\t\t\t\t\t<img loading=\"lazy\" decoding=\"async\" width=\"801\" height=\"533\" src=\"https:\/\/liffe.com.br\/wp-content\/uploads\/2023\/08\/cropped-cropped-pexels-fauxels-3184465.jpg\" class=\"attachment-large size-large wp-image-493\" alt=\"terceiriza\u00e7\u00e3o de TI\" srcset=\"https:\/\/liffe.com.br\/wp-content\/uploads\/2023\/08\/cropped-cropped-pexels-fauxels-3184465.jpg 801w, https:\/\/liffe.com.br\/wp-content\/uploads\/2023\/08\/cropped-cropped-pexels-fauxels-3184465-300x200.jpg 300w, https:\/\/liffe.com.br\/wp-content\/uploads\/2023\/08\/cropped-cropped-pexels-fauxels-3184465-768x511.jpg 768w\" sizes=\"auto, (max-width: 801px) 100vw, 801px\" \/>\t\t\t\t\t\t\t\t\t\t\t\t\t\t\t<\/div>\n\t\t\t\t<\/div>\n\t\t\t\t<div class=\"elementor-element elementor-element-1e3ef80 elementor-align-justify elementor-widget elementor-widget-button\" data-id=\"1e3ef80\" data-element_type=\"widget\" data-widget_type=\"button.default\">\n\t\t\t\t<div class=\"elementor-widget-container\">\n\t\t\t\t\t<div class=\"elementor-button-wrapper\">\n\t\t\t<a class=\"elementor-button elementor-button-link elementor-size-sm elementor-animation-grow\" href=\"https:\/\/api.whatsapp.com\/send\/?phone=5531983439339&#038;text&#038;type=phone_number&#038;app_absent=0\" target=\"_blank\">\n\t\t\t\t\t\t<span class=\"elementor-button-content-wrapper\">\n\t\t\t\t\t\t<span class=\"elementor-button-text\">Fale com um consultor <\/span>\n\t\t<\/span>\n\t\t\t\t\t<\/a>\n\t\t<\/div>\n\t\t\t\t<\/div>\n\t\t\t\t<\/div>\n\t\t\t\t<div class=\"elementor-element elementor-element-ce118a9 elementor-widget elementor-widget-spacer\" data-id=\"ce118a9\" data-element_type=\"widget\" data-widget_type=\"spacer.default\">\n\t\t\t\t<div class=\"elementor-widget-container\">\n\t\t\t<style>\/*! elementor - v3.15.0 - 20-08-2023 *\/\n.elementor-column .elementor-spacer-inner{height:var(--spacer-size)}.e-con{--container-widget-width:100%}.e-con-inner>.elementor-widget-spacer,.e-con>.elementor-widget-spacer{width:var(--container-widget-width,var(--spacer-size));--align-self:var(--container-widget-align-self,initial);--flex-shrink:0}.e-con-inner>.elementor-widget-spacer>.elementor-widget-container,.e-con-inner>.elementor-widget-spacer>.elementor-widget-container>.elementor-spacer,.e-con>.elementor-widget-spacer>.elementor-widget-container,.e-con>.elementor-widget-spacer>.elementor-widget-container>.elementor-spacer{height:100%}.e-con-inner>.elementor-widget-spacer>.elementor-widget-container>.elementor-spacer>.elementor-spacer-inner,.e-con>.elementor-widget-spacer>.elementor-widget-container>.elementor-spacer>.elementor-spacer-inner{height:var(--container-widget-height,var(--spacer-size))}<\/style>\t\t<div class=\"elementor-spacer\">\n\t\t\t<div class=\"elementor-spacer-inner\"><\/div>\n\t\t<\/div>\n\t\t\t\t<\/div>\n\t\t\t\t<\/div>\n\t\t\t\t<div class=\"elementor-element elementor-element-d48bf4c elementor-widget elementor-widget-spacer\" data-id=\"d48bf4c\" data-element_type=\"widget\" data-widget_type=\"spacer.default\">\n\t\t\t\t<div class=\"elementor-widget-container\">\n\t\t\t\t\t<div class=\"elementor-spacer\">\n\t\t\t<div class=\"elementor-spacer-inner\"><\/div>\n\t\t<\/div>\n\t\t\t\t<\/div>\n\t\t\t\t<\/div>\n\t\t\t\t<div class=\"elementor-element elementor-element-a52f9cc elementor-align-justify elementor-widget elementor-widget-button\" data-id=\"a52f9cc\" data-element_type=\"widget\" data-widget_type=\"button.default\">\n\t\t\t\t<div class=\"elementor-widget-container\">\n\t\t\t\t\t<div class=\"elementor-button-wrapper\">\n\t\t\t<a class=\"elementor-button elementor-button-link elementor-size-sm elementor-animation-grow\" href=\"https:\/\/web.whatsapp.com\/send?phone=5531983439339\" target=\"_blank\">\n\t\t\t\t\t\t<span class=\"elementor-button-content-wrapper\">\n\t\t\t\t\t\t<span class=\"elementor-button-text\">Fale com um consultor <\/span>\n\t\t<\/span>\n\t\t\t\t\t<\/a>\n\t\t<\/div>\n\t\t\t\t<\/div>\n\t\t\t\t<\/div>\n\t\t\t\t\t<\/div>\n\t\t<\/div>\n\t\t\t\t\t\t\t<\/div>\n\t\t<\/section>\n\t\t\t\t<section class=\"elementor-section elementor-top-section elementor-element elementor-element-ab716ff elementor-section-boxed elementor-section-height-default elementor-section-height-default\" data-id=\"ab716ff\" data-element_type=\"section\">\n\t\t\t\t\t\t<div class=\"elementor-container elementor-column-gap-default\">\n\t\t\t\t\t<div class=\"elementor-column elementor-col-100 elementor-top-column elementor-element elementor-element-2c36106\" data-id=\"2c36106\" data-element_type=\"column\">\n\t\t\t<div class=\"elementor-widget-wrap\">\n\t\t\t\t\t\t\t\t\t<\/div>\n\t\t<\/div>\n\t\t\t\t\t\t\t<\/div>\n\t\t<\/section>\n\t\t\t\t\t\t\t<\/div>\n\t\t","protected":false},"excerpt":{"rendered":"<p>No universo empresarial moderno, a Terceiriza\u00e7\u00e3o de Tecnologia da Informa\u00e7\u00e3o (TI) tem se destacado como uma abordagem estrat\u00e9gica que oferece uma s\u00e9rie de vantagens cruciais para empresas de todos os tamanhos. Ao transferir a responsabilidade de opera\u00e7\u00f5es de TI para um parceiro externo especializado, as organiza\u00e7\u00f5es podem desbloquear uma gama de benef\u00edcios que prejudicam a&hellip; <br \/> <a class=\"read-more\" href=\"https:\/\/liffe.com.br\/?page_id=105\">Leia mais<\/a><\/p>\n","protected":false},"author":1,"featured_media":0,"parent":0,"menu_order":0,"comment_status":"closed","ping_status":"closed","template":"","meta":{"footnotes":""},"class_list":["post-105","page","type-page","status-publish","hentry"],"_links":{"self":[{"href":"https:\/\/liffe.com.br\/index.php?rest_route=\/wp\/v2\/pages\/105","targetHints":{"allow":["GET"]}}],"collection":[{"href":"https:\/\/liffe.com.br\/index.php?rest_route=\/wp\/v2\/pages"}],"about":[{"href":"https:\/\/liffe.com.br\/index.php?rest_route=\/wp\/v2\/types\/page"}],"author":[{"embeddable":true,"href":"https:\/\/liffe.com.br\/index.php?rest_route=\/wp\/v2\/users\/1"}],"replies":[{"embeddable":true,"href":"https:\/\/liffe.com.br\/index.php?rest_route=%2Fwp%2Fv2%2Fcomments&post=105"}],"version-history":[{"count":16,"href":"https:\/\/liffe.com.br\/index.php?rest_route=\/wp\/v2\/pages\/105\/revisions"}],"predecessor-version":[{"id":766,"href":"https:\/\/liffe.com.br\/index.php?rest_route=\/wp\/v2\/pages\/105\/revisions\/766"}],"wp:attachment":[{"href":"https:\/\/liffe.com.br\/index.php?rest_route=%2Fwp%2Fv2%2Fmedia&parent=105"}],"curies":[{"name":"wp","href":"https:\/\/api.w.org\/{rel}","templated":true}]}}