{"id":103,"date":"2023-08-02T10:43:11","date_gmt":"2023-08-02T13:43:11","guid":{"rendered":"https:\/\/liffe.com.br\/?page_id=103"},"modified":"2023-09-04T11:44:15","modified_gmt":"2023-09-04T14:44:15","slug":"instalacao-e-manutencao-de-redes-e-cabeamento","status":"publish","type":"page","link":"https:\/\/liffe.com.br\/?page_id=103","title":{"rendered":"Instala\u00e7\u00e3o e Gerenciamento de Redes e cabeamento"},"content":{"rendered":"\t\t<div data-elementor-type=\"wp-page\" data-elementor-id=\"103\" class=\"elementor elementor-103\">\n\t\t\t\t\t\t\t\t\t<section class=\"elementor-section elementor-top-section elementor-element elementor-element-8747bde elementor-section-boxed elementor-section-height-default elementor-section-height-default\" data-id=\"8747bde\" data-element_type=\"section\">\n\t\t\t\t\t\t<div class=\"elementor-container elementor-column-gap-default\">\n\t\t\t\t\t<div class=\"elementor-column elementor-col-50 elementor-top-column elementor-element elementor-element-ecf00fe\" data-id=\"ecf00fe\" data-element_type=\"column\">\n\t\t\t<div class=\"elementor-widget-wrap elementor-element-populated\">\n\t\t\t\t\t\t\t\t<div class=\"elementor-element elementor-element-05336cb elementor-widget elementor-widget-heading\" data-id=\"05336cb\" data-element_type=\"widget\" data-widget_type=\"heading.default\">\n\t\t\t\t<div class=\"elementor-widget-container\">\n\t\t\t<style>\/*! elementor - v3.15.0 - 20-08-2023 *\/\n.elementor-heading-title{padding:0;margin:0;line-height:1}.elementor-widget-heading .elementor-heading-title[class*=elementor-size-]>a{color:inherit;font-size:inherit;line-height:inherit}.elementor-widget-heading .elementor-heading-title.elementor-size-small{font-size:15px}.elementor-widget-heading .elementor-heading-title.elementor-size-medium{font-size:19px}.elementor-widget-heading .elementor-heading-title.elementor-size-large{font-size:29px}.elementor-widget-heading .elementor-heading-title.elementor-size-xl{font-size:39px}.elementor-widget-heading .elementor-heading-title.elementor-size-xxl{font-size:59px}<\/style><h2 class=\"elementor-heading-title elementor-size-default\">Nossa equipe \u00e9 especializada em instala\u00e7\u00e3o e configura\u00e7\u00e3o de infra estrutura de rede de comutadores. Realizamos desde a passagem f\u00edsica do cabeamento, instala\u00e7\u00e3o de racks e <br>servidores a configura\u00e7\u00e3o de servi\u00e7os de rede tais como:<br><br>Configura\u00e7\u00e3o e gerenciamento de servidores Windows <br><br>  - Servidor de dom\u00ednio<br>  - Servidor Hyper v<br>  - Servidor Web ISS<br>  - Servidor de aplica\u00e7\u00e3o SQL<br>  <br>Configura\u00e7\u00e3o e gerenciamento de Servidores Firewall<br><br>  - Controle de usu\u00e1rios na internet,<br>  - Controle de acessos na internet.<br>  - Link de internet de backup<br><br><br>Configura\u00e7\u00e3o e gerenciamento de antenas Acesses Pois Ubquit<br><br>  - Configura\u00e7\u00e3o de SSD coorporativos e visitantes <br>  - Integra\u00e7\u00e3o com o servidor firewall <br>  - Configura\u00e7\u00e3o de Vlans \n  - Configura\u00e7\u00e3o de pagina de visitantes <br><br>Configura\u00e7\u00f5es gerenciamento de Switchs Gerenci\u00e1veis<br><br>  - Vlans, <br>  - llink aggregation, <br>  - QoS, <br>  - entre outros <br><br>\n <\/h2>\t\t<\/div>\n\t\t\t\t<\/div>\n\t\t\t\t\t<\/div>\n\t\t<\/div>\n\t\t\t\t<div class=\"elementor-column elementor-col-50 elementor-top-column elementor-element elementor-element-eeca611\" data-id=\"eeca611\" data-element_type=\"column\">\n\t\t\t<div class=\"elementor-widget-wrap elementor-element-populated\">\n\t\t\t\t\t\t\t\t<div class=\"elementor-element elementor-element-fd2f4da elementor-widget elementor-widget-image\" data-id=\"fd2f4da\" data-element_type=\"widget\" data-widget_type=\"image.default\">\n\t\t\t\t<div class=\"elementor-widget-container\">\n\t\t\t<style>\/*! elementor - v3.15.0 - 20-08-2023 *\/\n.elementor-widget-image{text-align:center}.elementor-widget-image a{display:inline-block}.elementor-widget-image a img[src$=\".svg\"]{width:48px}.elementor-widget-image img{vertical-align:middle;display:inline-block}<\/style>\t\t\t\t\t\t\t\t\t\t\t\t<img loading=\"lazy\" decoding=\"async\" width=\"696\" height=\"463\" src=\"https:\/\/liffe.com.br\/wp-content\/uploads\/2023\/08\/Imagem2.jpg\" class=\"attachment-large size-large wp-image-577\" alt=\"configura\u00e7\u00e3o de rede de computadores\" srcset=\"https:\/\/liffe.com.br\/wp-content\/uploads\/2023\/08\/Imagem2.jpg 696w, https:\/\/liffe.com.br\/wp-content\/uploads\/2023\/08\/Imagem2-300x200.jpg 300w\" sizes=\"auto, (max-width: 696px) 100vw, 696px\" \/>\t\t\t\t\t\t\t\t\t\t\t\t\t\t\t<\/div>\n\t\t\t\t<\/div>\n\t\t\t\t<div class=\"elementor-element elementor-element-a5b71a0 elementor-widget elementor-widget-spacer\" data-id=\"a5b71a0\" data-element_type=\"widget\" data-widget_type=\"spacer.default\">\n\t\t\t\t<div class=\"elementor-widget-container\">\n\t\t\t<style>\/*! elementor - v3.15.0 - 20-08-2023 *\/\n.elementor-column .elementor-spacer-inner{height:var(--spacer-size)}.e-con{--container-widget-width:100%}.e-con-inner>.elementor-widget-spacer,.e-con>.elementor-widget-spacer{width:var(--container-widget-width,var(--spacer-size));--align-self:var(--container-widget-align-self,initial);--flex-shrink:0}.e-con-inner>.elementor-widget-spacer>.elementor-widget-container,.e-con-inner>.elementor-widget-spacer>.elementor-widget-container>.elementor-spacer,.e-con>.elementor-widget-spacer>.elementor-widget-container,.e-con>.elementor-widget-spacer>.elementor-widget-container>.elementor-spacer{height:100%}.e-con-inner>.elementor-widget-spacer>.elementor-widget-container>.elementor-spacer>.elementor-spacer-inner,.e-con>.elementor-widget-spacer>.elementor-widget-container>.elementor-spacer>.elementor-spacer-inner{height:var(--container-widget-height,var(--spacer-size))}<\/style>\t\t<div class=\"elementor-spacer\">\n\t\t\t<div class=\"elementor-spacer-inner\"><\/div>\n\t\t<\/div>\n\t\t\t\t<\/div>\n\t\t\t\t<\/div>\n\t\t\t\t<div class=\"elementor-element elementor-element-b42ad09 elementor-align-justify elementor-widget elementor-widget-button\" data-id=\"b42ad09\" data-element_type=\"widget\" data-widget_type=\"button.default\">\n\t\t\t\t<div class=\"elementor-widget-container\">\n\t\t\t\t\t<div class=\"elementor-button-wrapper\">\n\t\t\t<a class=\"elementor-button elementor-button-link elementor-size-sm elementor-animation-grow\" href=\"https:\/\/api.whatsapp.com\/send\/?phone=5531983439339&#038;text&#038;type=phone_number&#038;app_absent=0\" target=\"_blank\">\n\t\t\t\t\t\t<span class=\"elementor-button-content-wrapper\">\n\t\t\t\t\t\t<span class=\"elementor-button-text\">Fale com um consultor <\/span>\n\t\t<\/span>\n\t\t\t\t\t<\/a>\n\t\t<\/div>\n\t\t\t\t<\/div>\n\t\t\t\t<\/div>\n\t\t\t\t<div class=\"elementor-element elementor-element-de3ac07 elementor-widget elementor-widget-spacer\" data-id=\"de3ac07\" data-element_type=\"widget\" data-widget_type=\"spacer.default\">\n\t\t\t\t<div class=\"elementor-widget-container\">\n\t\t\t\t\t<div class=\"elementor-spacer\">\n\t\t\t<div class=\"elementor-spacer-inner\"><\/div>\n\t\t<\/div>\n\t\t\t\t<\/div>\n\t\t\t\t<\/div>\n\t\t\t\t\t<\/div>\n\t\t<\/div>\n\t\t\t\t\t\t\t<\/div>\n\t\t<\/section>\n\t\t\t\t<section class=\"elementor-section elementor-top-section elementor-element elementor-element-272978f elementor-section-boxed elementor-section-height-default elementor-section-height-default\" data-id=\"272978f\" data-element_type=\"section\">\n\t\t\t\t\t\t<div class=\"elementor-container elementor-column-gap-default\">\n\t\t\t\t\t<div class=\"elementor-column elementor-col-100 elementor-top-column elementor-element elementor-element-eab4f57\" data-id=\"eab4f57\" data-element_type=\"column\">\n\t\t\t<div class=\"elementor-widget-wrap\">\n\t\t\t\t\t\t\t\t\t<\/div>\n\t\t<\/div>\n\t\t\t\t\t\t\t<\/div>\n\t\t<\/section>\n\t\t\t\t\t\t\t<\/div>\n\t\t","protected":false},"excerpt":{"rendered":"<p>Nossa equipe \u00e9 especializada em instala\u00e7\u00e3o e configura\u00e7\u00e3o de infra estrutura de rede de comutadores. Realizamos desde a passagem f\u00edsica do cabeamento, instala\u00e7\u00e3o de racks e servidores a configura\u00e7\u00e3o de servi\u00e7os de rede tais como: Configura\u00e7\u00e3o e gerenciamento de servidores Windows &#8211; Servidor de dom\u00ednio &#8211; Servidor Hyper v &#8211; Servidor Web ISS &#8211; Servidor&hellip; <br \/> <a class=\"read-more\" href=\"https:\/\/liffe.com.br\/?page_id=103\">Leia mais<\/a><\/p>\n","protected":false},"author":1,"featured_media":0,"parent":0,"menu_order":0,"comment_status":"closed","ping_status":"closed","template":"","meta":{"footnotes":""},"class_list":["post-103","page","type-page","status-publish","hentry"],"_links":{"self":[{"href":"https:\/\/liffe.com.br\/index.php?rest_route=\/wp\/v2\/pages\/103","targetHints":{"allow":["GET"]}}],"collection":[{"href":"https:\/\/liffe.com.br\/index.php?rest_route=\/wp\/v2\/pages"}],"about":[{"href":"https:\/\/liffe.com.br\/index.php?rest_route=\/wp\/v2\/types\/page"}],"author":[{"embeddable":true,"href":"https:\/\/liffe.com.br\/index.php?rest_route=\/wp\/v2\/users\/1"}],"replies":[{"embeddable":true,"href":"https:\/\/liffe.com.br\/index.php?rest_route=%2Fwp%2Fv2%2Fcomments&post=103"}],"version-history":[{"count":23,"href":"https:\/\/liffe.com.br\/index.php?rest_route=\/wp\/v2\/pages\/103\/revisions"}],"predecessor-version":[{"id":754,"href":"https:\/\/liffe.com.br\/index.php?rest_route=\/wp\/v2\/pages\/103\/revisions\/754"}],"wp:attachment":[{"href":"https:\/\/liffe.com.br\/index.php?rest_route=%2Fwp%2Fv2%2Fmedia&parent=103"}],"curies":[{"name":"wp","href":"https:\/\/api.w.org\/{rel}","templated":true}]}}